{"id":30,"date":"2026-01-14T12:01:46","date_gmt":"2026-01-14T12:01:46","guid":{"rendered":"https:\/\/ekoapurit.fi\/?page_id=30"},"modified":"2026-01-21T08:34:27","modified_gmt":"2026-01-21T08:34:27","slug":"iik-iso-a-tuli-taloon","status":"publish","type":"page","link":"https:\/\/ekoapurit.fi\/?page_id=30","title":{"rendered":"IIK ISO A TULI TALOON!!"},"content":{"rendered":"\n<div style=\"height:100px\" aria-hidden=\"true\" class=\"wp-block-spacer\"><\/div>\n\n\n\n<h2 class=\"wp-block-heading has-large-font-size\">IIK ISO A TULI TALOON!!<\/h2>\n\n\n\n<p><\/p>\n\n\n\n<div class=\"wp-block-media-text is-stacked-on-mobile\"><figure class=\"wp-block-media-text__media\"><img loading=\"lazy\" decoding=\"async\" width=\"866\" height=\"1024\" src=\"https:\/\/ekoapurit.fi\/wp-content\/uploads\/2026\/01\/IIK-Iso-A-tuli-taloon-kansi-866x1024.jpg\" alt=\"\" class=\"wp-image-33 size-full\" srcset=\"https:\/\/ekoapurit.fi\/wp-content\/uploads\/2026\/01\/IIK-Iso-A-tuli-taloon-kansi-866x1024.jpg 866w, https:\/\/ekoapurit.fi\/wp-content\/uploads\/2026\/01\/IIK-Iso-A-tuli-taloon-kansi-254x300.jpg 254w, https:\/\/ekoapurit.fi\/wp-content\/uploads\/2026\/01\/IIK-Iso-A-tuli-taloon-kansi-768x908.jpg 768w, https:\/\/ekoapurit.fi\/wp-content\/uploads\/2026\/01\/IIK-Iso-A-tuli-taloon-kansi-1300x1536.jpg 1300w, https:\/\/ekoapurit.fi\/wp-content\/uploads\/2026\/01\/IIK-Iso-A-tuli-taloon-kansi-1733x2048.jpg 1733w\" sizes=\"auto, (max-width: 866px) 100vw, 866px\" \/><\/figure><div class=\"wp-block-media-text__content\">\n<p><\/p>\n\n\n\n<p><\/p>\n\n\n\n<p><\/p>\n\n\n\n<p>Opi ilmastonmuutoksesta, ymm\u00e4rr\u00e4 ymp\u00e4rist\u00f6tunteita \u2013 helposti ja hauskasti!<br><br>\u201dJoskus voi tuntua silt\u00e4, ett\u00e4 maapallon kokoiset huolet painavat mielt\u00e4. T\u00e4ll\u00f6in tarvitaan ripaus mielikuvitusta, tietoa, toivoa \u2013 ja yhdess\u00e4 tekemisen voimaa.\u201d<br><br>Topin mielest\u00e4 maailma on vinksin vonksin. \u00c4iti murehtii illat ISOSTA hiilijalanj\u00e4ljest\u00e4, uutisissa varoitellaan mets\u00e4kadosta ja opettajatkin kuiskivat, ett\u00e4 ilmasto ylikuumenee kuin koulusihteerin vanha \u00e4lypuhelin. Vaikuttaa silt\u00e4, ett\u00e4 maapallolla alkaa olla tukalat oltavat, HOT HOT!<br><br><br><br><\/p>\n<\/div><\/div>\n\n\n\n<p>Er\u00e4\u00e4n\u00e4 iltana tapahtuu kummia. Topin kotiin ilmestyy bioroskikselta ja bensalta haiseva otus, oikea YMP\u00c4RIST\u00d6HIRVITYS! Mit\u00e4 ihmett\u00e4 se tekee Topin kodissa? Mik\u00e4 rooli Topin perheell\u00e4 on omituisen vieraan suunnitelmissa? Ent\u00e4 jos otus onkin oikeassa ja \u00c4iti Maan tulevaisuus voi n\u00e4ytt\u00e4\u00e4 valoisalta? Iso A tuli taloon on hauska ja opettavainen<\/p>\n\n\n\n<p> IIK! koko perheen ekoseikkailu, joka auttaa lasta ymm\u00e4rt\u00e4m\u00e4\u00e4n muuttuvaa maailmaa ja kaikkia niit\u00e4 tunteita, joita globaali ilmasto- ja luontokriisi voi aiheuttaa. Samalla se rohkaisee aikuisia pohtimaan arjen ekotekoja yhdess\u00e4 lapsen kanssa. Helppolukuinen teos on h\u00f6ystetty perhe- ja koululaishuumorilla, koukuttavalla kuvituksella, tietoiskuilla ja teht\u00e4vill\u00e4. Kirja sopiikin mainiosti niin kotien kuin koulujen ymp\u00e4rist\u00f6kasvatukseen.\u00a0<\/p>\n\n\n\n<p>Varoitus: my\u00f6s aikuiset voivat viihty\u00e4 ja valaistua kirjan parissa.<\/p>\n\n\n\n<p>Piia Heikkinen on Pohjois-Karjalasta kotoisin oleva hyvink\u00e4\u00e4l\u00e4inen kirjailija, maantieteilij\u00e4 ja kahden lapsen \u00e4iti. Viestint\u00e4alalla ty\u00f6skentelev\u00e4lt\u00e4 Heikkiselt\u00e4 on ilmestynyt aiemmin aikuisten ja nuorten ymp\u00e4rist\u00f6tunteita pohtiva esikoisromaani Ekotrippi (Basam Books 2021).<\/p>\n\n\n\n<p>Sadun taikaa ja sarjakuvan henke\u00e4 yhdist\u00e4v\u00e4n kuvituksen takana on kirkkonummelainen kuvittaja Pia Holmberg. Kirjassa el\u00e4v\u00e4sti kuvattu koulumaailma on tuttu Holmbergille ty\u00f6n kautta: h\u00e4n on toiminut erityisluokanopettajana parikymment\u00e4 vuotta.<\/p>\n\n\n\n<div class=\"wp-block-buttons is-content-justification-center is-layout-flex wp-container-core-buttons-is-layout-a89b3969 wp-block-buttons-is-layout-flex\">\n<div class=\"wp-block-button has-custom-width wp-block-button__width-50\"><a class=\"wp-block-button__link has-medium-font-size has-text-align-center has-custom-font-size wp-element-button\" href=\"https:\/\/piasusanne.sumupstore.com\/tuote\/iik-iso-a-tuli-taloon\">OSTA KIRJA<\/a><\/div>\n<\/div>\n\n\n\n<p><\/p>\n","protected":false},"excerpt":{"rendered":"<p>IIK ISO A TULI TALOON!! Opi ilmastonmuutoksesta, ymm\u00e4rr\u00e4 ymp\u00e4rist\u00f6tunteita \u2013 helposti ja hauskasti! \u201dJoskus voi tuntua silt\u00e4, ett\u00e4 maapallon kokoiset [&hellip;]<\/p>\n","protected":false},"author":1,"featured_media":0,"parent":0,"menu_order":0,"comment_status":"closed","ping_status":"closed","template":"","meta":{"site-sidebar-layout":"default","site-content-layout":"","ast-site-content-layout":"default","site-content-style":"default","site-sidebar-style":"default","ast-global-header-display":"","ast-banner-title-visibility":"","ast-main-header-display":"","ast-hfb-above-header-display":"","ast-hfb-below-header-display":"","ast-hfb-mobile-header-display":"","site-post-title":"disabled","ast-breadcrumbs-content":"","ast-featured-img":"","footer-sml-layout":"","ast-disable-related-posts":"","theme-transparent-header-meta":"","adv-header-id-meta":"","stick-header-meta":"","header-above-stick-meta":"","header-main-stick-meta":"","header-below-stick-meta":"","astra-migrate-meta-layouts":"default","ast-page-background-enabled":"default","ast-page-background-meta":{"desktop":{"background-color":"var(--ast-global-color-5)","background-image":"","background-repeat":"repeat","background-position":"center center","background-size":"auto","background-attachment":"scroll","background-type":"","background-media":"","overlay-type":"","overlay-color":"","overlay-opacity":"","overlay-gradient":""},"tablet":{"background-color":"","background-image":"","background-repeat":"repeat","background-position":"center center","background-size":"auto","background-attachment":"scroll","background-type":"","background-media":"","overlay-type":"","overlay-color":"","overlay-opacity":"","overlay-gradient":""},"mobile":{"background-color":"","background-image":"","background-repeat":"repeat","background-position":"center center","background-size":"auto","background-attachment":"scroll","background-type":"","background-media":"","overlay-type":"","overlay-color":"","overlay-opacity":"","overlay-gradient":""}},"ast-content-background-meta":{"desktop":{"background-color":"var(--ast-global-color-4)","background-image":"","background-repeat":"repeat","background-position":"center center","background-size":"auto","background-attachment":"scroll","background-type":"","background-media":"","overlay-type":"","overlay-color":"","overlay-opacity":"","overlay-gradient":""},"tablet":{"background-color":"var(--ast-global-color-4)","background-image":"","background-repeat":"repeat","background-position":"center center","background-size":"auto","background-attachment":"scroll","background-type":"","background-media":"","overlay-type":"","overlay-color":"","overlay-opacity":"","overlay-gradient":""},"mobile":{"background-color":"var(--ast-global-color-4)","background-image":"","background-repeat":"repeat","background-position":"center center","background-size":"auto","background-attachment":"scroll","background-type":"","background-media":"","overlay-type":"","overlay-color":"","overlay-opacity":"","overlay-gradient":""}},"footnotes":""},"class_list":["post-30","page","type-page","status-publish","hentry"],"yoast_head":"<!-- This site is optimized with the Yoast SEO plugin v27.4 - https:\/\/yoast.com\/product\/yoast-seo-wordpress\/ -->\n<title>IIK ISO A TULI TALOON!! - EKOAPURIT<\/title>\n<meta name=\"robots\" content=\"index, follow, max-snippet:-1, max-image-preview:large, max-video-preview:-1\" \/>\n<link rel=\"canonical\" href=\"https:\/\/ekoapurit.fi\/?page_id=30\" \/>\n<meta property=\"og:locale\" content=\"fi_FI\" \/>\n<meta property=\"og:type\" content=\"article\" \/>\n<meta property=\"og:title\" content=\"IIK ISO A TULI TALOON!! - EKOAPURIT\" \/>\n<meta property=\"og:description\" content=\"IIK ISO A TULI TALOON!! Opi ilmastonmuutoksesta, ymm\u00e4rr\u00e4 ymp\u00e4rist\u00f6tunteita \u2013 helposti ja hauskasti! \u201dJoskus voi tuntua silt\u00e4, ett\u00e4 maapallon kokoiset [&hellip;]\" \/>\n<meta property=\"og:url\" content=\"https:\/\/ekoapurit.fi\/?page_id=30\" \/>\n<meta property=\"og:site_name\" content=\"EKOAPURIT\" \/>\n<meta property=\"article:modified_time\" content=\"2026-01-21T08:34:27+00:00\" \/>\n<meta property=\"og:image\" content=\"https:\/\/ekoapurit.fi\/wp-content\/uploads\/2026\/01\/IIK-Iso-A-tuli-taloon-kansi-scaled.jpg\" \/>\n\t<meta property=\"og:image:width\" content=\"2166\" \/>\n\t<meta property=\"og:image:height\" content=\"2560\" \/>\n\t<meta property=\"og:image:type\" content=\"image\/jpeg\" \/>\n<meta name=\"twitter:card\" content=\"summary_large_image\" \/>\n<meta name=\"twitter:label1\" content=\"Arvioitu lukuaika\" \/>\n\t<meta name=\"twitter:data1\" content=\"2 minuuttia\" \/>\n<script type=\"application\/ld+json\" class=\"yoast-schema-graph\">{\"@context\":\"https:\\\/\\\/schema.org\",\"@graph\":[{\"@type\":\"WebPage\",\"@id\":\"https:\\\/\\\/ekoapurit.fi\\\/?page_id=30\",\"url\":\"https:\\\/\\\/ekoapurit.fi\\\/?page_id=30\",\"name\":\"IIK ISO A TULI TALOON!! - EKOAPURIT\",\"isPartOf\":{\"@id\":\"https:\\\/\\\/ekoapurit.fi\\\/#website\"},\"primaryImageOfPage\":{\"@id\":\"https:\\\/\\\/ekoapurit.fi\\\/?page_id=30#primaryimage\"},\"image\":{\"@id\":\"https:\\\/\\\/ekoapurit.fi\\\/?page_id=30#primaryimage\"},\"thumbnailUrl\":\"https:\\\/\\\/ekoapurit.fi\\\/wp-content\\\/uploads\\\/2026\\\/01\\\/IIK-Iso-A-tuli-taloon-kansi-866x1024.jpg\",\"datePublished\":\"2026-01-14T12:01:46+00:00\",\"dateModified\":\"2026-01-21T08:34:27+00:00\",\"breadcrumb\":{\"@id\":\"https:\\\/\\\/ekoapurit.fi\\\/?page_id=30#breadcrumb\"},\"inLanguage\":\"fi\",\"potentialAction\":[{\"@type\":\"ReadAction\",\"target\":[\"https:\\\/\\\/ekoapurit.fi\\\/?page_id=30\"]}]},{\"@type\":\"ImageObject\",\"inLanguage\":\"fi\",\"@id\":\"https:\\\/\\\/ekoapurit.fi\\\/?page_id=30#primaryimage\",\"url\":\"https:\\\/\\\/ekoapurit.fi\\\/wp-content\\\/uploads\\\/2026\\\/01\\\/IIK-Iso-A-tuli-taloon-kansi-scaled.jpg\",\"contentUrl\":\"https:\\\/\\\/ekoapurit.fi\\\/wp-content\\\/uploads\\\/2026\\\/01\\\/IIK-Iso-A-tuli-taloon-kansi-scaled.jpg\",\"width\":2166,\"height\":2560},{\"@type\":\"BreadcrumbList\",\"@id\":\"https:\\\/\\\/ekoapurit.fi\\\/?page_id=30#breadcrumb\",\"itemListElement\":[{\"@type\":\"ListItem\",\"position\":1,\"name\":\"Etusivu\",\"item\":\"https:\\\/\\\/ekoapurit.fi\\\/\"},{\"@type\":\"ListItem\",\"position\":2,\"name\":\"IIK ISO A TULI TALOON!!\"}]},{\"@type\":\"WebSite\",\"@id\":\"https:\\\/\\\/ekoapurit.fi\\\/#website\",\"url\":\"https:\\\/\\\/ekoapurit.fi\\\/\",\"name\":\"EKOAPURIT\",\"description\":\"\",\"publisher\":{\"@id\":\"https:\\\/\\\/ekoapurit.fi\\\/#organization\"},\"potentialAction\":[{\"@type\":\"SearchAction\",\"target\":{\"@type\":\"EntryPoint\",\"urlTemplate\":\"https:\\\/\\\/ekoapurit.fi\\\/?s={search_term_string}\"},\"query-input\":{\"@type\":\"PropertyValueSpecification\",\"valueRequired\":true,\"valueName\":\"search_term_string\"}}],\"inLanguage\":\"fi\"},{\"@type\":\"Organization\",\"@id\":\"https:\\\/\\\/ekoapurit.fi\\\/#organization\",\"name\":\"EKOAPURIT\",\"url\":\"https:\\\/\\\/ekoapurit.fi\\\/\",\"logo\":{\"@type\":\"ImageObject\",\"inLanguage\":\"fi\",\"@id\":\"https:\\\/\\\/ekoapurit.fi\\\/#\\\/schema\\\/logo\\\/image\\\/\",\"url\":\"https:\\\/\\\/ekoapurit.fi\\\/wp-content\\\/uploads\\\/2026\\\/01\\\/cropped-Untitled_Artwork-scaled-1.png\",\"contentUrl\":\"https:\\\/\\\/ekoapurit.fi\\\/wp-content\\\/uploads\\\/2026\\\/01\\\/cropped-Untitled_Artwork-scaled-1.png\",\"width\":1926,\"height\":1731,\"caption\":\"EKOAPURIT\"},\"image\":{\"@id\":\"https:\\\/\\\/ekoapurit.fi\\\/#\\\/schema\\\/logo\\\/image\\\/\"}}]}<\/script>\n<!-- \/ Yoast SEO plugin. -->","yoast_head_json":{"title":"IIK ISO A TULI TALOON!! - EKOAPURIT","robots":{"index":"index","follow":"follow","max-snippet":"max-snippet:-1","max-image-preview":"max-image-preview:large","max-video-preview":"max-video-preview:-1"},"canonical":"https:\/\/ekoapurit.fi\/?page_id=30","og_locale":"fi_FI","og_type":"article","og_title":"IIK ISO A TULI TALOON!! - EKOAPURIT","og_description":"IIK ISO A TULI TALOON!! Opi ilmastonmuutoksesta, ymm\u00e4rr\u00e4 ymp\u00e4rist\u00f6tunteita \u2013 helposti ja hauskasti! \u201dJoskus voi tuntua silt\u00e4, ett\u00e4 maapallon kokoiset [&hellip;]","og_url":"https:\/\/ekoapurit.fi\/?page_id=30","og_site_name":"EKOAPURIT","article_modified_time":"2026-01-21T08:34:27+00:00","og_image":[{"width":2166,"height":2560,"url":"https:\/\/ekoapurit.fi\/wp-content\/uploads\/2026\/01\/IIK-Iso-A-tuli-taloon-kansi-scaled.jpg","type":"image\/jpeg"}],"twitter_card":"summary_large_image","twitter_misc":{"Arvioitu lukuaika":"2 minuuttia"},"schema":{"@context":"https:\/\/schema.org","@graph":[{"@type":"WebPage","@id":"https:\/\/ekoapurit.fi\/?page_id=30","url":"https:\/\/ekoapurit.fi\/?page_id=30","name":"IIK ISO A TULI TALOON!! - EKOAPURIT","isPartOf":{"@id":"https:\/\/ekoapurit.fi\/#website"},"primaryImageOfPage":{"@id":"https:\/\/ekoapurit.fi\/?page_id=30#primaryimage"},"image":{"@id":"https:\/\/ekoapurit.fi\/?page_id=30#primaryimage"},"thumbnailUrl":"https:\/\/ekoapurit.fi\/wp-content\/uploads\/2026\/01\/IIK-Iso-A-tuli-taloon-kansi-866x1024.jpg","datePublished":"2026-01-14T12:01:46+00:00","dateModified":"2026-01-21T08:34:27+00:00","breadcrumb":{"@id":"https:\/\/ekoapurit.fi\/?page_id=30#breadcrumb"},"inLanguage":"fi","potentialAction":[{"@type":"ReadAction","target":["https:\/\/ekoapurit.fi\/?page_id=30"]}]},{"@type":"ImageObject","inLanguage":"fi","@id":"https:\/\/ekoapurit.fi\/?page_id=30#primaryimage","url":"https:\/\/ekoapurit.fi\/wp-content\/uploads\/2026\/01\/IIK-Iso-A-tuli-taloon-kansi-scaled.jpg","contentUrl":"https:\/\/ekoapurit.fi\/wp-content\/uploads\/2026\/01\/IIK-Iso-A-tuli-taloon-kansi-scaled.jpg","width":2166,"height":2560},{"@type":"BreadcrumbList","@id":"https:\/\/ekoapurit.fi\/?page_id=30#breadcrumb","itemListElement":[{"@type":"ListItem","position":1,"name":"Etusivu","item":"https:\/\/ekoapurit.fi\/"},{"@type":"ListItem","position":2,"name":"IIK ISO A TULI TALOON!!"}]},{"@type":"WebSite","@id":"https:\/\/ekoapurit.fi\/#website","url":"https:\/\/ekoapurit.fi\/","name":"EKOAPURIT","description":"","publisher":{"@id":"https:\/\/ekoapurit.fi\/#organization"},"potentialAction":[{"@type":"SearchAction","target":{"@type":"EntryPoint","urlTemplate":"https:\/\/ekoapurit.fi\/?s={search_term_string}"},"query-input":{"@type":"PropertyValueSpecification","valueRequired":true,"valueName":"search_term_string"}}],"inLanguage":"fi"},{"@type":"Organization","@id":"https:\/\/ekoapurit.fi\/#organization","name":"EKOAPURIT","url":"https:\/\/ekoapurit.fi\/","logo":{"@type":"ImageObject","inLanguage":"fi","@id":"https:\/\/ekoapurit.fi\/#\/schema\/logo\/image\/","url":"https:\/\/ekoapurit.fi\/wp-content\/uploads\/2026\/01\/cropped-Untitled_Artwork-scaled-1.png","contentUrl":"https:\/\/ekoapurit.fi\/wp-content\/uploads\/2026\/01\/cropped-Untitled_Artwork-scaled-1.png","width":1926,"height":1731,"caption":"EKOAPURIT"},"image":{"@id":"https:\/\/ekoapurit.fi\/#\/schema\/logo\/image\/"}}]}},"_links":{"self":[{"href":"https:\/\/ekoapurit.fi\/index.php?rest_route=\/wp\/v2\/pages\/30","targetHints":{"allow":["GET"]}}],"collection":[{"href":"https:\/\/ekoapurit.fi\/index.php?rest_route=\/wp\/v2\/pages"}],"about":[{"href":"https:\/\/ekoapurit.fi\/index.php?rest_route=\/wp\/v2\/types\/page"}],"author":[{"embeddable":true,"href":"https:\/\/ekoapurit.fi\/index.php?rest_route=\/wp\/v2\/users\/1"}],"replies":[{"embeddable":true,"href":"https:\/\/ekoapurit.fi\/index.php?rest_route=%2Fwp%2Fv2%2Fcomments&post=30"}],"version-history":[{"count":12,"href":"https:\/\/ekoapurit.fi\/index.php?rest_route=\/wp\/v2\/pages\/30\/revisions"}],"predecessor-version":[{"id":122,"href":"https:\/\/ekoapurit.fi\/index.php?rest_route=\/wp\/v2\/pages\/30\/revisions\/122"}],"wp:attachment":[{"href":"https:\/\/ekoapurit.fi\/index.php?rest_route=%2Fwp%2Fv2%2Fmedia&parent=30"}],"curies":[{"name":"wp","href":"https:\/\/api.w.org\/{rel}","templated":true}]}}