{"id":35,"date":"2026-01-13T12:54:05","date_gmt":"2026-01-13T12:54:05","guid":{"rendered":"https:\/\/ekoapurit.fi\/?page_id=35"},"modified":"2026-01-21T07:28:44","modified_gmt":"2026-01-21T07:28:44","slug":"kirjailija","status":"publish","type":"page","link":"https:\/\/ekoapurit.fi\/?page_id=35","title":{"rendered":"KIRJAILIJA\/AUTHOR"},"content":{"rendered":"\n<div style=\"height:100px\" aria-hidden=\"true\" class=\"wp-block-spacer\"><\/div>\n\n\n\n<h2 class=\"wp-block-heading has-x-large-font-size\">KIRJAILIJA \/ AUTHOR<\/h2>\n\n\n\n<h1 class=\"wp-block-heading has-x-large-font-size\">PIIA HEIKKINEN<\/h1>\n\n\n\n<div class=\"wp-block-media-text is-stacked-on-mobile\"><figure class=\"wp-block-media-text__media\"><img loading=\"lazy\" decoding=\"async\" width=\"1024\" height=\"668\" src=\"https:\/\/ekoapurit.fi\/wp-content\/uploads\/2026\/01\/IMG_2948-1024x668.jpg\" alt=\"\" class=\"wp-image-103 size-full\" srcset=\"https:\/\/ekoapurit.fi\/wp-content\/uploads\/2026\/01\/IMG_2948-1024x668.jpg 1024w, https:\/\/ekoapurit.fi\/wp-content\/uploads\/2026\/01\/IMG_2948-300x196.jpg 300w, https:\/\/ekoapurit.fi\/wp-content\/uploads\/2026\/01\/IMG_2948-768x501.jpg 768w, https:\/\/ekoapurit.fi\/wp-content\/uploads\/2026\/01\/IMG_2948-1536x1001.jpg 1536w, https:\/\/ekoapurit.fi\/wp-content\/uploads\/2026\/01\/IMG_2948-2048x1335.jpg 2048w\" sizes=\"auto, (max-width: 1024px) 100vw, 1024px\" \/><\/figure><div class=\"wp-block-media-text__content\">\n<p><strong>Kuka olen?<\/strong><\/p>\n\n\n\n<p>Olen <strong>Piia Heikkinen<\/strong>, Pohjois-Karjalasta kotoisin oleva kirjailija, kahden koululaisen \u00e4iti sek\u00e4 maantieteest\u00e4 valmistunut FM ja viestinn\u00e4n asiantuntija. Olen kirjoittanut kaksi teosta ilmasto- ja ymp\u00e4rist\u00f6kriisi\u00e4 koskettavista tunteista perheiden, vanhempien, nuorten ja lasten n\u00e4k\u00f6kulmasta.<\/p>\n\n\n\n<p>Teoksiani yhdist\u00e4\u00e4 l\u00e4mmin huumori; kirjoitan syd\u00e4nt\u00e4ni l\u00e4hell\u00e4 olevista aiheista ja ajankohtaisista ilmi\u00f6ist\u00e4 pohjoiskarjalaisen hersyv\u00e4ll\u00e4 otteella, tavallisen ihmisen n\u00e4k\u00f6kulmasta. Haluan tuoda lukijoilleni toivoa ja iloa arkeen ik\u00e4\u00e4n katsomatta!<\/p>\n<\/div><\/div>\n\n\n\n<h2 class=\"wp-block-heading\">MIST\u00c4 ISO A JA EKOAPURIT SAIVAT ALKUNSA<\/h2>\n\n\n\n<p>Idea <strong>Iso A:sta ja Ekoapureista<\/strong> syntyi vanhemmuuden ja esikoisromaanini <em>Ekotripin<\/em> (2021) kirjoittamisen aikana. Ymm\u00e4rsin, etteiv\u00e4t vain aikuiset kamppaile ilmasto- ja luontokriisin her\u00e4tt\u00e4mien tunteiden kanssa. My\u00f6s lapset el\u00e4v\u00e4t keskell\u00e4 huolipuhetta, uutisia ja somen virtaa \u2013 usein paljon tietoisempina maailman tilasta kuin me aikuiset helposti ajattelemme.<\/p>\n\n\n\n<p>Toinen huomio oli, ett\u00e4 usein lapset my\u00f6s janoavat tietoa, mutta sit\u00e4 ei ole turvallisesti saatavilla. Lis\u00e4ksi lapsen keinot k\u00e4sitell\u00e4 vaikeita ilmi\u00f6it\u00e4, l\u00e4hipiirin tai omaa huolta ovat vasta kehittym\u00e4ss\u00e4. Samalla aikuiset j\u00e4\u00e4v\u00e4t ep\u00e4varmoiksi: miten puhua asioista aiheuttamatta lis\u00e4\u00e4 huolta ja pelkoa?<\/p>\n\n\n\n<p>Meid\u00e4n perheess\u00e4 ei l\u00f6ytynyt t\u00e4h\u00e4n sopivaa luettavaa. Tarinat olivat pienille koululaisillemme joko liian raskaita tai liian tietopainotteisia, et\u00e4\u00e4ll\u00e4 arjesta. Kaipasin kirjaa, jonka avulla vaikeita ymp\u00e4rist\u00f6teemoja voisi l\u00e4hesty\u00e4 hauskasti, <strong>lapsil\u00e4ht\u00f6isesti, lempe\u00e4sti ja toivoa vahvistaen<\/strong> \u2013 yhdess\u00e4 oppien ja ihmetellen, nauraen ja j\u00e4nnitt\u00e4en.<\/p>\n\n\n\n<p>T\u00e4st\u00e4 tarpeesta alkoi hahmottua tarinan idea ja sen p\u00e4\u00e4henkil\u00f6t; koululaispoika Topi ja mielikuvitushahmo, <strong>Iso A<\/strong>, surullinen ja hurjan n\u00e4k\u00f6inen otus, joka tekee lapsen ymp\u00e4rist\u00f6huolesta n\u00e4kyv\u00e4\u00e4 ja konkreettista.<\/p>\n\n\n\n<p>Iso A:n synkk\u00e4 olemus kumpuaa Topin ja l\u00e4heisten kokemasta toivottomuudesta \u2013 tunteesta, ettei omilla teoilla ole merkityst\u00e4. Mutta kun huoli kohdataan yhdess\u00e4 ja muuttuu toiminnaksi, Iso A alkaa muuttua omaksi itsekseen \u2013 iloiseksi ja supers\u00f6p\u00f6ksi <strong>Ekoapuriksi<\/strong>. Ekoapurit ovat \u00c4iti Maan supersankareita: ne tuovat toivoa ja rohkaisevat ihmisi\u00e4 toimimaan luonnonyst\u00e4vin\u00e4, kukin omalla tavallaan.<\/p>\n\n\n\n<p>Pienetkin arjen ekoteot muuttuvat suuriksi \u2013 etenkin kun niit\u00e4 tehd\u00e4\u00e4n yhdess\u00e4.<\/p>\n\n\n\n<h2 class=\"wp-block-heading\">KOKOPERHEEN EKOSEIKKAILU<\/h2>\n\n\n\n<p><em>IIK! Iso A tuli taloon<\/em> ei ole vain lastenkirja, vaan <strong>kirja koko perheelle<\/strong>. Se on tarkoitettu luettavaksi yhdess\u00e4 lasten ja aikuisten kanssa. Globaali ilmasto- ja luontokriisi kompleksi ilmi\u00f6 \u2013 vaikea aikuisillekin! Helppolukuisen kirjan tavoitteena tehd\u00e4 vaikeista asioista ymm\u00e4rrett\u00e4vi\u00e4 \u2013 eik\u00e4 vanhemman tarvitse l\u00e4hte\u00e4 etsim\u00e4\u00e4n tietoa muualta. Tarinan ja huumorin lomassa annosteltu tieto auttaa pys\u00e4htym\u00e4\u00e4n, kyselem\u00e4\u00e4n ja juttelemaan \u2013 kirjan avulla kasvattajan on helpompi sanoittaa omia ajatuksiaan ja tunteitaan.<\/p>\n\n\n\n<h2 class=\"wp-block-heading\"><strong>EKOAPURIT VALMIINA AUTTAMAA \u2013 OTA YHTEYTT\u00c4!<\/strong><\/h2>\n\n\n\n<p>Etsitk\u00f6 kirjailijavierasta kouluun tai kirjastoon, ymp\u00e4rist\u00f6tunteita k\u00e4sittelev\u00e4\u00e4 ty\u00f6pajaa tai innostavaa ilmastokasvatusta lapsille ja nuorille?<\/p>\n\n\n\n<p>Tarjoan:<\/p>\n\n\n\n<ul class=\"wp-block-list\">\n<li>kirjailijavierailuja kouluille ja kirjastoihin<\/li>\n\n\n\n<li>ryhmille r\u00e4\u00e4t\u00e4l\u00f6ityj\u00e4 ymp\u00e4rist\u00f6tunne- ja ilmastoty\u00f6pajoja<\/li>\n\n\n\n<li>kokonaisuuksia, joissa yhdistyv\u00e4t tarinankerronta ja taide, vuorovaikutus, toiminnalliset teht\u00e4v\u00e4t, tieto ja toivo<\/li>\n<\/ul>\n\n\n\n<p>Sis\u00e4ll\u00f6t mukautetaan aina kohderyhm\u00e4n i\u00e4n, toiveiden ja tarpeiden mukaan.<\/p>\n\n\n\n<p><strong>Ota rohkeasti yhteytt\u00e4<\/strong> \u2013 rakennetaan yhdess\u00e4 lapsille ja aikuisille turvallinen tapa kohdata muuttuva maailma ja oppia yhdess\u00e4 ymp\u00e4rist\u00f6tunteista.&nbsp;<\/p>\n\n\n\n<p>Ja sit\u00e4 paitsi\u2026 Ymp\u00e4rist\u00f6kasvatus voi olla my\u00f6s hauskaa!<\/p>\n\n\n\n<p><strong>Tuotanto<\/strong><\/p>\n\n\n\n<p>Perheromaani: Ekotrippi \/ 2021, Basam Books.<br>Lastenkirja: IIK! Iso A tuli taloon \/ syksy 2024, Basam Books.<\/p>\n\n\n\n<h2 class=\"wp-block-heading\"><strong>L<\/strong>INKIT<\/h2>\n\n\n\n<p><a href=\"https:\/\/basambooks.fi\/sivu\/tuote\/iik-iso-a-tuli-taloon\/5087303\">IIK! Iso A tuli taloon (2024)<\/a><\/p>\n\n\n\n<p><a href=\"https:\/\/kirjailijavierailut.lukukeskus.fi\/tilaukset\/ktk17170704282167\/\">Ekotrippi (2021)<\/a><\/p>\n\n\n\n<p><\/p>\n\n\n\n<p><a href=\"https:\/\/youtu.be\/t-wuKNYBWWk?si=IJy4CPxu_lR9jXsy\">Live-haastattelu YouTube<\/a><a href=\"https:\/\/www.kirjasampo.fi\/fi\/kulsa\/http%253A%252F%252Fdata.kirjasampo.fi%252Factor_Heikkinen%25252C%252BPiia\">Kirjasampo<\/a><\/p>\n\n\n\n<ul class=\"wp-block-social-links has-large-icon-size is-layout-flex wp-block-social-links-is-layout-flex\">\n\n<li class=\"wp-social-link wp-social-link-instagram  wp-block-social-link\"><a href=\"https:\/\/www.instagram.com\/kirjailijapiiaheikkinen\/\" class=\"wp-block-social-link-anchor\"><svg width=\"24\" height=\"24\" viewBox=\"0 0 24 24\" version=\"1.1\" xmlns=\"http:\/\/www.w3.org\/2000\/svg\" aria-hidden=\"true\" focusable=\"false\"><path d=\"M12,4.622c2.403,0,2.688,0.009,3.637,0.052c0.877,0.04,1.354,0.187,1.671,0.31c0.42,0.163,0.72,0.358,1.035,0.673 c0.315,0.315,0.51,0.615,0.673,1.035c0.123,0.317,0.27,0.794,0.31,1.671c0.043,0.949,0.052,1.234,0.052,3.637 s-0.009,2.688-0.052,3.637c-0.04,0.877-0.187,1.354-0.31,1.671c-0.163,0.42-0.358,0.72-0.673,1.035 c-0.315,0.315-0.615,0.51-1.035,0.673c-0.317,0.123-0.794,0.27-1.671,0.31c-0.949,0.043-1.233,0.052-3.637,0.052 s-2.688-0.009-3.637-0.052c-0.877-0.04-1.354-0.187-1.671-0.31c-0.42-0.163-0.72-0.358-1.035-0.673 c-0.315-0.315-0.51-0.615-0.673-1.035c-0.123-0.317-0.27-0.794-0.31-1.671C4.631,14.688,4.622,14.403,4.622,12 s0.009-2.688,0.052-3.637c0.04-0.877,0.187-1.354,0.31-1.671c0.163-0.42,0.358-0.72,0.673-1.035 c0.315-0.315,0.615-0.51,1.035-0.673c0.317-0.123,0.794-0.27,1.671-0.31C9.312,4.631,9.597,4.622,12,4.622 M12,3 C9.556,3,9.249,3.01,8.289,3.054C7.331,3.098,6.677,3.25,6.105,3.472C5.513,3.702,5.011,4.01,4.511,4.511 c-0.5,0.5-0.808,1.002-1.038,1.594C3.25,6.677,3.098,7.331,3.054,8.289C3.01,9.249,3,9.556,3,12c0,2.444,0.01,2.751,0.054,3.711 c0.044,0.958,0.196,1.612,0.418,2.185c0.23,0.592,0.538,1.094,1.038,1.594c0.5,0.5,1.002,0.808,1.594,1.038 c0.572,0.222,1.227,0.375,2.185,0.418C9.249,20.99,9.556,21,12,21s2.751-0.01,3.711-0.054c0.958-0.044,1.612-0.196,2.185-0.418 c0.592-0.23,1.094-0.538,1.594-1.038c0.5-0.5,0.808-1.002,1.038-1.594c0.222-0.572,0.375-1.227,0.418-2.185 C20.99,14.751,21,14.444,21,12s-0.01-2.751-0.054-3.711c-0.044-0.958-0.196-1.612-0.418-2.185c-0.23-0.592-0.538-1.094-1.038-1.594 c-0.5-0.5-1.002-0.808-1.594-1.038c-0.572-0.222-1.227-0.375-2.185-0.418C14.751,3.01,14.444,3,12,3L12,3z M12,7.378 c-2.552,0-4.622,2.069-4.622,4.622S9.448,16.622,12,16.622s4.622-2.069,4.622-4.622S14.552,7.378,12,7.378z M12,15 c-1.657,0-3-1.343-3-3s1.343-3,3-3s3,1.343,3,3S13.657,15,12,15z M16.804,6.116c-0.596,0-1.08,0.484-1.08,1.08 s0.484,1.08,1.08,1.08c0.596,0,1.08-0.484,1.08-1.08S17.401,6.116,16.804,6.116z\"><\/path><\/svg><span class=\"wp-block-social-link-label screen-reader-text\">Instagram<\/span><\/a><\/li><\/ul>\n\n\n\n<ul class=\"wp-block-social-links is-layout-flex wp-block-social-links-is-layout-flex\"><\/ul>\n","protected":false},"excerpt":{"rendered":"<p>KIRJAILIJA \/ AUTHOR PIIA HEIKKINEN Kuka olen? Olen Piia Heikkinen, Pohjois-Karjalasta kotoisin oleva kirjailija, kahden koululaisen \u00e4iti sek\u00e4 maantieteest\u00e4 valmistunut [&hellip;]<\/p>\n","protected":false},"author":1,"featured_media":0,"parent":0,"menu_order":0,"comment_status":"closed","ping_status":"closed","template":"","meta":{"site-sidebar-layout":"default","site-content-layout":"","ast-site-content-layout":"default","site-content-style":"default","site-sidebar-style":"default","ast-global-header-display":"","ast-banner-title-visibility":"","ast-main-header-display":"","ast-hfb-above-header-display":"","ast-hfb-below-header-display":"","ast-hfb-mobile-header-display":"","site-post-title":"disabled","ast-breadcrumbs-content":"","ast-featured-img":"","footer-sml-layout":"","ast-disable-related-posts":"","theme-transparent-header-meta":"","adv-header-id-meta":"","stick-header-meta":"","header-above-stick-meta":"","header-main-stick-meta":"","header-below-stick-meta":"","astra-migrate-meta-layouts":"default","ast-page-background-enabled":"default","ast-page-background-meta":{"desktop":{"background-color":"var(--ast-global-color-5)","background-image":"","background-repeat":"repeat","background-position":"center center","background-size":"auto","background-attachment":"scroll","background-type":"","background-media":"","overlay-type":"","overlay-color":"","overlay-opacity":"","overlay-gradient":""},"tablet":{"background-color":"","background-image":"","background-repeat":"repeat","background-position":"center center","background-size":"auto","background-attachment":"scroll","background-type":"","background-media":"","overlay-type":"","overlay-color":"","overlay-opacity":"","overlay-gradient":""},"mobile":{"background-color":"","background-image":"","background-repeat":"repeat","background-position":"center center","background-size":"auto","background-attachment":"scroll","background-type":"","background-media":"","overlay-type":"","overlay-color":"","overlay-opacity":"","overlay-gradient":""}},"ast-content-background-meta":{"desktop":{"background-color":"var(--ast-global-color-4)","background-image":"","background-repeat":"repeat","background-position":"center center","background-size":"auto","background-attachment":"scroll","background-type":"","background-media":"","overlay-type":"","overlay-color":"","overlay-opacity":"","overlay-gradient":""},"tablet":{"background-color":"var(--ast-global-color-4)","background-image":"","background-repeat":"repeat","background-position":"center center","background-size":"auto","background-attachment":"scroll","background-type":"","background-media":"","overlay-type":"","overlay-color":"","overlay-opacity":"","overlay-gradient":""},"mobile":{"background-color":"var(--ast-global-color-4)","background-image":"","background-repeat":"repeat","background-position":"center center","background-size":"auto","background-attachment":"scroll","background-type":"","background-media":"","overlay-type":"","overlay-color":"","overlay-opacity":"","overlay-gradient":""}},"footnotes":""},"class_list":["post-35","page","type-page","status-publish","hentry"],"yoast_head":"<!-- This site is optimized with the Yoast SEO plugin v27.4 - https:\/\/yoast.com\/product\/yoast-seo-wordpress\/ -->\n<title>KIRJAILIJA\/AUTHOR - EKOAPURIT<\/title>\n<meta name=\"robots\" content=\"index, follow, max-snippet:-1, max-image-preview:large, max-video-preview:-1\" \/>\n<link rel=\"canonical\" href=\"https:\/\/ekoapurit.fi\/?page_id=35\" \/>\n<meta property=\"og:locale\" content=\"fi_FI\" \/>\n<meta property=\"og:type\" content=\"article\" \/>\n<meta property=\"og:title\" content=\"KIRJAILIJA\/AUTHOR - EKOAPURIT\" \/>\n<meta property=\"og:description\" content=\"KIRJAILIJA \/ AUTHOR PIIA HEIKKINEN Kuka olen? Olen Piia Heikkinen, Pohjois-Karjalasta kotoisin oleva kirjailija, kahden koululaisen \u00e4iti sek\u00e4 maantieteest\u00e4 valmistunut [&hellip;]\" \/>\n<meta property=\"og:url\" content=\"https:\/\/ekoapurit.fi\/?page_id=35\" \/>\n<meta property=\"og:site_name\" content=\"EKOAPURIT\" \/>\n<meta property=\"article:modified_time\" content=\"2026-01-21T07:28:44+00:00\" \/>\n<meta property=\"og:image\" content=\"https:\/\/ekoapurit.fi\/wp-content\/uploads\/2026\/01\/IMG_2948.jpg\" \/>\n\t<meta property=\"og:image:width\" content=\"2247\" \/>\n\t<meta property=\"og:image:height\" content=\"1465\" \/>\n\t<meta property=\"og:image:type\" content=\"image\/jpeg\" \/>\n<meta name=\"twitter:card\" content=\"summary_large_image\" \/>\n<meta name=\"twitter:label1\" content=\"Arvioitu lukuaika\" \/>\n\t<meta name=\"twitter:data1\" content=\"4 minuuttia\" \/>\n<script type=\"application\/ld+json\" class=\"yoast-schema-graph\">{\"@context\":\"https:\\\/\\\/schema.org\",\"@graph\":[{\"@type\":\"WebPage\",\"@id\":\"https:\\\/\\\/ekoapurit.fi\\\/?page_id=35\",\"url\":\"https:\\\/\\\/ekoapurit.fi\\\/?page_id=35\",\"name\":\"KIRJAILIJA\\\/AUTHOR - EKOAPURIT\",\"isPartOf\":{\"@id\":\"https:\\\/\\\/ekoapurit.fi\\\/#website\"},\"primaryImageOfPage\":{\"@id\":\"https:\\\/\\\/ekoapurit.fi\\\/?page_id=35#primaryimage\"},\"image\":{\"@id\":\"https:\\\/\\\/ekoapurit.fi\\\/?page_id=35#primaryimage\"},\"thumbnailUrl\":\"https:\\\/\\\/ekoapurit.fi\\\/wp-content\\\/uploads\\\/2026\\\/01\\\/IMG_2948-1024x668.jpg\",\"datePublished\":\"2026-01-13T12:54:05+00:00\",\"dateModified\":\"2026-01-21T07:28:44+00:00\",\"breadcrumb\":{\"@id\":\"https:\\\/\\\/ekoapurit.fi\\\/?page_id=35#breadcrumb\"},\"inLanguage\":\"fi\",\"potentialAction\":[{\"@type\":\"ReadAction\",\"target\":[\"https:\\\/\\\/ekoapurit.fi\\\/?page_id=35\"]}]},{\"@type\":\"ImageObject\",\"inLanguage\":\"fi\",\"@id\":\"https:\\\/\\\/ekoapurit.fi\\\/?page_id=35#primaryimage\",\"url\":\"https:\\\/\\\/ekoapurit.fi\\\/wp-content\\\/uploads\\\/2026\\\/01\\\/IMG_2948.jpg\",\"contentUrl\":\"https:\\\/\\\/ekoapurit.fi\\\/wp-content\\\/uploads\\\/2026\\\/01\\\/IMG_2948.jpg\",\"width\":2247,\"height\":1465},{\"@type\":\"BreadcrumbList\",\"@id\":\"https:\\\/\\\/ekoapurit.fi\\\/?page_id=35#breadcrumb\",\"itemListElement\":[{\"@type\":\"ListItem\",\"position\":1,\"name\":\"Etusivu\",\"item\":\"https:\\\/\\\/ekoapurit.fi\\\/\"},{\"@type\":\"ListItem\",\"position\":2,\"name\":\"KIRJAILIJA\\\/AUTHOR\"}]},{\"@type\":\"WebSite\",\"@id\":\"https:\\\/\\\/ekoapurit.fi\\\/#website\",\"url\":\"https:\\\/\\\/ekoapurit.fi\\\/\",\"name\":\"EKOAPURIT\",\"description\":\"\",\"publisher\":{\"@id\":\"https:\\\/\\\/ekoapurit.fi\\\/#organization\"},\"potentialAction\":[{\"@type\":\"SearchAction\",\"target\":{\"@type\":\"EntryPoint\",\"urlTemplate\":\"https:\\\/\\\/ekoapurit.fi\\\/?s={search_term_string}\"},\"query-input\":{\"@type\":\"PropertyValueSpecification\",\"valueRequired\":true,\"valueName\":\"search_term_string\"}}],\"inLanguage\":\"fi\"},{\"@type\":\"Organization\",\"@id\":\"https:\\\/\\\/ekoapurit.fi\\\/#organization\",\"name\":\"EKOAPURIT\",\"url\":\"https:\\\/\\\/ekoapurit.fi\\\/\",\"logo\":{\"@type\":\"ImageObject\",\"inLanguage\":\"fi\",\"@id\":\"https:\\\/\\\/ekoapurit.fi\\\/#\\\/schema\\\/logo\\\/image\\\/\",\"url\":\"https:\\\/\\\/ekoapurit.fi\\\/wp-content\\\/uploads\\\/2026\\\/01\\\/cropped-Untitled_Artwork-scaled-1.png\",\"contentUrl\":\"https:\\\/\\\/ekoapurit.fi\\\/wp-content\\\/uploads\\\/2026\\\/01\\\/cropped-Untitled_Artwork-scaled-1.png\",\"width\":1926,\"height\":1731,\"caption\":\"EKOAPURIT\"},\"image\":{\"@id\":\"https:\\\/\\\/ekoapurit.fi\\\/#\\\/schema\\\/logo\\\/image\\\/\"}}]}<\/script>\n<!-- \/ Yoast SEO plugin. -->","yoast_head_json":{"title":"KIRJAILIJA\/AUTHOR - EKOAPURIT","robots":{"index":"index","follow":"follow","max-snippet":"max-snippet:-1","max-image-preview":"max-image-preview:large","max-video-preview":"max-video-preview:-1"},"canonical":"https:\/\/ekoapurit.fi\/?page_id=35","og_locale":"fi_FI","og_type":"article","og_title":"KIRJAILIJA\/AUTHOR - EKOAPURIT","og_description":"KIRJAILIJA \/ AUTHOR PIIA HEIKKINEN Kuka olen? Olen Piia Heikkinen, Pohjois-Karjalasta kotoisin oleva kirjailija, kahden koululaisen \u00e4iti sek\u00e4 maantieteest\u00e4 valmistunut [&hellip;]","og_url":"https:\/\/ekoapurit.fi\/?page_id=35","og_site_name":"EKOAPURIT","article_modified_time":"2026-01-21T07:28:44+00:00","og_image":[{"width":2247,"height":1465,"url":"https:\/\/ekoapurit.fi\/wp-content\/uploads\/2026\/01\/IMG_2948.jpg","type":"image\/jpeg"}],"twitter_card":"summary_large_image","twitter_misc":{"Arvioitu lukuaika":"4 minuuttia"},"schema":{"@context":"https:\/\/schema.org","@graph":[{"@type":"WebPage","@id":"https:\/\/ekoapurit.fi\/?page_id=35","url":"https:\/\/ekoapurit.fi\/?page_id=35","name":"KIRJAILIJA\/AUTHOR - EKOAPURIT","isPartOf":{"@id":"https:\/\/ekoapurit.fi\/#website"},"primaryImageOfPage":{"@id":"https:\/\/ekoapurit.fi\/?page_id=35#primaryimage"},"image":{"@id":"https:\/\/ekoapurit.fi\/?page_id=35#primaryimage"},"thumbnailUrl":"https:\/\/ekoapurit.fi\/wp-content\/uploads\/2026\/01\/IMG_2948-1024x668.jpg","datePublished":"2026-01-13T12:54:05+00:00","dateModified":"2026-01-21T07:28:44+00:00","breadcrumb":{"@id":"https:\/\/ekoapurit.fi\/?page_id=35#breadcrumb"},"inLanguage":"fi","potentialAction":[{"@type":"ReadAction","target":["https:\/\/ekoapurit.fi\/?page_id=35"]}]},{"@type":"ImageObject","inLanguage":"fi","@id":"https:\/\/ekoapurit.fi\/?page_id=35#primaryimage","url":"https:\/\/ekoapurit.fi\/wp-content\/uploads\/2026\/01\/IMG_2948.jpg","contentUrl":"https:\/\/ekoapurit.fi\/wp-content\/uploads\/2026\/01\/IMG_2948.jpg","width":2247,"height":1465},{"@type":"BreadcrumbList","@id":"https:\/\/ekoapurit.fi\/?page_id=35#breadcrumb","itemListElement":[{"@type":"ListItem","position":1,"name":"Etusivu","item":"https:\/\/ekoapurit.fi\/"},{"@type":"ListItem","position":2,"name":"KIRJAILIJA\/AUTHOR"}]},{"@type":"WebSite","@id":"https:\/\/ekoapurit.fi\/#website","url":"https:\/\/ekoapurit.fi\/","name":"EKOAPURIT","description":"","publisher":{"@id":"https:\/\/ekoapurit.fi\/#organization"},"potentialAction":[{"@type":"SearchAction","target":{"@type":"EntryPoint","urlTemplate":"https:\/\/ekoapurit.fi\/?s={search_term_string}"},"query-input":{"@type":"PropertyValueSpecification","valueRequired":true,"valueName":"search_term_string"}}],"inLanguage":"fi"},{"@type":"Organization","@id":"https:\/\/ekoapurit.fi\/#organization","name":"EKOAPURIT","url":"https:\/\/ekoapurit.fi\/","logo":{"@type":"ImageObject","inLanguage":"fi","@id":"https:\/\/ekoapurit.fi\/#\/schema\/logo\/image\/","url":"https:\/\/ekoapurit.fi\/wp-content\/uploads\/2026\/01\/cropped-Untitled_Artwork-scaled-1.png","contentUrl":"https:\/\/ekoapurit.fi\/wp-content\/uploads\/2026\/01\/cropped-Untitled_Artwork-scaled-1.png","width":1926,"height":1731,"caption":"EKOAPURIT"},"image":{"@id":"https:\/\/ekoapurit.fi\/#\/schema\/logo\/image\/"}}]}},"_links":{"self":[{"href":"https:\/\/ekoapurit.fi\/index.php?rest_route=\/wp\/v2\/pages\/35","targetHints":{"allow":["GET"]}}],"collection":[{"href":"https:\/\/ekoapurit.fi\/index.php?rest_route=\/wp\/v2\/pages"}],"about":[{"href":"https:\/\/ekoapurit.fi\/index.php?rest_route=\/wp\/v2\/types\/page"}],"author":[{"embeddable":true,"href":"https:\/\/ekoapurit.fi\/index.php?rest_route=\/wp\/v2\/users\/1"}],"replies":[{"embeddable":true,"href":"https:\/\/ekoapurit.fi\/index.php?rest_route=%2Fwp%2Fv2%2Fcomments&post=35"}],"version-history":[{"count":13,"href":"https:\/\/ekoapurit.fi\/index.php?rest_route=\/wp\/v2\/pages\/35\/revisions"}],"predecessor-version":[{"id":115,"href":"https:\/\/ekoapurit.fi\/index.php?rest_route=\/wp\/v2\/pages\/35\/revisions\/115"}],"wp:attachment":[{"href":"https:\/\/ekoapurit.fi\/index.php?rest_route=%2Fwp%2Fv2%2Fmedia&parent=35"}],"curies":[{"name":"wp","href":"https:\/\/api.w.org\/{rel}","templated":true}]}}