{"id":8,"date":"2026-01-13T12:30:56","date_gmt":"2026-01-13T12:30:56","guid":{"rendered":"https:\/\/ekoapurit.fi\/?page_id=8"},"modified":"2026-01-14T12:26:27","modified_gmt":"2026-01-14T12:26:27","slug":"home","status":"publish","type":"page","link":"https:\/\/ekoapurit.fi\/","title":{"rendered":"ETUSIVU"},"content":{"rendered":"\n<div class=\"wp-block-group alignfull has-background is-layout-constrained wp-container-core-group-is-layout-94d206d0 wp-block-group-is-layout-constrained\" id=\"about\" style=\"background-color:#b1e2f4;padding-top:143px;padding-bottom:144px\">\n<div class=\"wp-block-media-text has-media-on-the-right is-stacked-on-mobile is-vertically-aligned-center\" style=\"grid-template-columns:auto 44%\"><div class=\"wp-block-media-text__content\">\n<div class=\"inherit-container-width wp-block-group is-layout-constrained wp-container-core-group-is-layout-47ce07ec wp-block-group-is-layout-constrained\" style=\"padding-right:80px\">\n<h2 class=\"wp-block-heading has-text-align-center\" style=\"padding-right:0px\">OPI ILMASTONMUUTOKSESTA JA YMM\u00c4RR\u00c4 YMP\u00c4RIST\u00d6TUNTEITA<\/h2>\n\n\n\n<p class=\"has-text-align-center\">Joskus voi tuntua silt\u00e4, ett\u00e4 maapallon kokoiset huolet painavat mielt\u00e4. T\u00e4ll\u00f6in tarvitaan ripaus mielikuvitusta, tietoa, toivoa \u2013 ja yhdess\u00e4 tekemisen voimaa!<\/p>\n<\/div>\n<\/div><figure class=\"wp-block-media-text__media\"><img loading=\"lazy\" decoding=\"async\" width=\"771\" height=\"1024\" src=\"https:\/\/ekoapurit.fi\/wp-content\/uploads\/2026\/01\/Sivu-3-Tittelisivu-771x1024.png\" alt=\"\" class=\"wp-image-44 size-full\" srcset=\"https:\/\/ekoapurit.fi\/wp-content\/uploads\/2026\/01\/Sivu-3-Tittelisivu-771x1024.png 771w, https:\/\/ekoapurit.fi\/wp-content\/uploads\/2026\/01\/Sivu-3-Tittelisivu-226x300.png 226w, https:\/\/ekoapurit.fi\/wp-content\/uploads\/2026\/01\/Sivu-3-Tittelisivu-768x1020.png 768w, https:\/\/ekoapurit.fi\/wp-content\/uploads\/2026\/01\/Sivu-3-Tittelisivu-1157x1536.png 1157w, https:\/\/ekoapurit.fi\/wp-content\/uploads\/2026\/01\/Sivu-3-Tittelisivu-1542x2048.png 1542w, https:\/\/ekoapurit.fi\/wp-content\/uploads\/2026\/01\/Sivu-3-Tittelisivu-scaled.png 1928w\" sizes=\"auto, (max-width: 771px) 100vw, 771px\" \/><\/figure><\/div>\n<\/div>\n\n\n\n<figure class=\"wp-block-image alignfull size-large\"><img loading=\"lazy\" decoding=\"async\" width=\"771\" height=\"1024\" src=\"https:\/\/ekoapurit.fi\/wp-content\/uploads\/2026\/01\/Logo-1-771x1024.png\" alt=\"\" class=\"wp-image-58\" srcset=\"https:\/\/ekoapurit.fi\/wp-content\/uploads\/2026\/01\/Logo-1-771x1024.png 771w, https:\/\/ekoapurit.fi\/wp-content\/uploads\/2026\/01\/Logo-1-226x300.png 226w, https:\/\/ekoapurit.fi\/wp-content\/uploads\/2026\/01\/Logo-1-768x1020.png 768w, https:\/\/ekoapurit.fi\/wp-content\/uploads\/2026\/01\/Logo-1-1157x1536.png 1157w, https:\/\/ekoapurit.fi\/wp-content\/uploads\/2026\/01\/Logo-1-1542x2048.png 1542w, https:\/\/ekoapurit.fi\/wp-content\/uploads\/2026\/01\/Logo-1-scaled.png 1928w\" sizes=\"auto, (max-width: 771px) 100vw, 771px\" \/><\/figure>\n\n\n\n\n\n\n\n\n\n<p><\/p>\n","protected":false},"excerpt":{"rendered":"<p>OPI ILMASTONMUUTOKSESTA JA YMM\u00c4RR\u00c4 YMP\u00c4RIST\u00d6TUNTEITA Joskus voi tuntua silt\u00e4, ett\u00e4 maapallon kokoiset huolet painavat mielt\u00e4. T\u00e4ll\u00f6in tarvitaan ripaus mielikuvitusta, tietoa, [&hellip;]<\/p>\n","protected":false},"author":1,"featured_media":0,"parent":0,"menu_order":0,"comment_status":"closed","ping_status":"closed","template":"","meta":{"site-sidebar-layout":"no-sidebar","site-content-layout":"plain-container","ast-site-content-layout":"full-width-container","site-content-style":"default","site-sidebar-style":"default","ast-global-header-display":"","ast-banner-title-visibility":"","ast-main-header-display":"","ast-hfb-above-header-display":"","ast-hfb-below-header-display":"","ast-hfb-mobile-header-display":"","site-post-title":"disabled","ast-breadcrumbs-content":"","ast-featured-img":"","footer-sml-layout":"","ast-disable-related-posts":"","theme-transparent-header-meta":"enabled","adv-header-id-meta":"","stick-header-meta":"","header-above-stick-meta":"","header-main-stick-meta":"","header-below-stick-meta":"","astra-migrate-meta-layouts":"default","ast-page-background-enabled":"default","ast-page-background-meta":{"desktop":{"background-color":"var(--ast-global-color-5)","background-image":"","background-repeat":"repeat","background-position":"center center","background-size":"auto","background-attachment":"scroll","background-type":"","background-media":"","overlay-type":"","overlay-color":"","overlay-opacity":"","overlay-gradient":""},"tablet":{"background-color":"","background-image":"","background-repeat":"repeat","background-position":"center center","background-size":"auto","background-attachment":"scroll","background-type":"","background-media":"","overlay-type":"","overlay-color":"","overlay-opacity":"","overlay-gradient":""},"mobile":{"background-color":"","background-image":"","background-repeat":"repeat","background-position":"center center","background-size":"auto","background-attachment":"scroll","background-type":"","background-media":"","overlay-type":"","overlay-color":"","overlay-opacity":"","overlay-gradient":""}},"ast-content-background-meta":{"desktop":{"background-color":"var(--ast-global-color-4)","background-image":"","background-repeat":"repeat","background-position":"center center","background-size":"auto","background-attachment":"scroll","background-type":"","background-media":"","overlay-type":"","overlay-color":"","overlay-opacity":"","overlay-gradient":""},"tablet":{"background-color":"var(--ast-global-color-4)","background-image":"","background-repeat":"repeat","background-position":"center center","background-size":"auto","background-attachment":"scroll","background-type":"","background-media":"","overlay-type":"","overlay-color":"","overlay-opacity":"","overlay-gradient":""},"mobile":{"background-color":"var(--ast-global-color-4)","background-image":"","background-repeat":"repeat","background-position":"center center","background-size":"auto","background-attachment":"scroll","background-type":"","background-media":"","overlay-type":"","overlay-color":"","overlay-opacity":"","overlay-gradient":""}},"footnotes":""},"class_list":["post-8","page","type-page","status-publish","hentry"],"yoast_head":"<!-- This site is optimized with the Yoast SEO plugin v27.4 - https:\/\/yoast.com\/product\/yoast-seo-wordpress\/ -->\n<title>ETUSIVU - EKOAPURIT<\/title>\n<meta name=\"robots\" content=\"index, follow, max-snippet:-1, max-image-preview:large, max-video-preview:-1\" \/>\n<link rel=\"canonical\" href=\"https:\/\/ekoapurit.fi\/\" \/>\n<meta property=\"og:locale\" content=\"fi_FI\" \/>\n<meta property=\"og:type\" content=\"article\" \/>\n<meta property=\"og:title\" content=\"ETUSIVU - EKOAPURIT\" \/>\n<meta property=\"og:description\" content=\"OPI ILMASTONMUUTOKSESTA JA YMM\u00c4RR\u00c4 YMP\u00c4RIST\u00d6TUNTEITA Joskus voi tuntua silt\u00e4, ett\u00e4 maapallon kokoiset huolet painavat mielt\u00e4. T\u00e4ll\u00f6in tarvitaan ripaus mielikuvitusta, tietoa, [&hellip;]\" \/>\n<meta property=\"og:url\" content=\"https:\/\/ekoapurit.fi\/\" \/>\n<meta property=\"og:site_name\" content=\"EKOAPURIT\" \/>\n<meta property=\"article:modified_time\" content=\"2026-01-14T12:26:27+00:00\" \/>\n<meta property=\"og:image\" content=\"https:\/\/ekoapurit.fi\/wp-content\/uploads\/2026\/01\/Sivu-3-Tittelisivu-scaled.png\" \/>\n\t<meta property=\"og:image:width\" content=\"1928\" \/>\n\t<meta property=\"og:image:height\" content=\"2560\" \/>\n\t<meta property=\"og:image:type\" content=\"image\/png\" \/>\n<meta name=\"twitter:card\" content=\"summary_large_image\" \/>\n<meta name=\"twitter:label1\" content=\"Arvioitu lukuaika\" \/>\n\t<meta name=\"twitter:data1\" content=\"3 minuuttia\" \/>\n<script type=\"application\/ld+json\" class=\"yoast-schema-graph\">{\"@context\":\"https:\\\/\\\/schema.org\",\"@graph\":[{\"@type\":\"WebPage\",\"@id\":\"https:\\\/\\\/ekoapurit.fi\\\/\",\"url\":\"https:\\\/\\\/ekoapurit.fi\\\/\",\"name\":\"ETUSIVU - EKOAPURIT\",\"isPartOf\":{\"@id\":\"https:\\\/\\\/ekoapurit.fi\\\/#website\"},\"primaryImageOfPage\":{\"@id\":\"https:\\\/\\\/ekoapurit.fi\\\/#primaryimage\"},\"image\":{\"@id\":\"https:\\\/\\\/ekoapurit.fi\\\/#primaryimage\"},\"thumbnailUrl\":\"https:\\\/\\\/ekoapurit.fi\\\/wp-content\\\/uploads\\\/2026\\\/01\\\/Sivu-3-Tittelisivu-771x1024.png\",\"datePublished\":\"2026-01-13T12:30:56+00:00\",\"dateModified\":\"2026-01-14T12:26:27+00:00\",\"breadcrumb\":{\"@id\":\"https:\\\/\\\/ekoapurit.fi\\\/#breadcrumb\"},\"inLanguage\":\"fi\",\"potentialAction\":[{\"@type\":\"ReadAction\",\"target\":[\"https:\\\/\\\/ekoapurit.fi\\\/\"]}]},{\"@type\":\"ImageObject\",\"inLanguage\":\"fi\",\"@id\":\"https:\\\/\\\/ekoapurit.fi\\\/#primaryimage\",\"url\":\"https:\\\/\\\/ekoapurit.fi\\\/wp-content\\\/uploads\\\/2026\\\/01\\\/Sivu-3-Tittelisivu-scaled.png\",\"contentUrl\":\"https:\\\/\\\/ekoapurit.fi\\\/wp-content\\\/uploads\\\/2026\\\/01\\\/Sivu-3-Tittelisivu-scaled.png\",\"width\":1928,\"height\":2560},{\"@type\":\"BreadcrumbList\",\"@id\":\"https:\\\/\\\/ekoapurit.fi\\\/#breadcrumb\",\"itemListElement\":[{\"@type\":\"ListItem\",\"position\":1,\"name\":\"Etusivu\",\"item\":\"https:\\\/\\\/ekoapurit.fi\\\/\"},{\"@type\":\"ListItem\",\"position\":2,\"name\":\"ETUSIVU\"}]},{\"@type\":\"WebSite\",\"@id\":\"https:\\\/\\\/ekoapurit.fi\\\/#website\",\"url\":\"https:\\\/\\\/ekoapurit.fi\\\/\",\"name\":\"EKOAPURIT\",\"description\":\"\",\"publisher\":{\"@id\":\"https:\\\/\\\/ekoapurit.fi\\\/#organization\"},\"potentialAction\":[{\"@type\":\"SearchAction\",\"target\":{\"@type\":\"EntryPoint\",\"urlTemplate\":\"https:\\\/\\\/ekoapurit.fi\\\/?s={search_term_string}\"},\"query-input\":{\"@type\":\"PropertyValueSpecification\",\"valueRequired\":true,\"valueName\":\"search_term_string\"}}],\"inLanguage\":\"fi\"},{\"@type\":\"Organization\",\"@id\":\"https:\\\/\\\/ekoapurit.fi\\\/#organization\",\"name\":\"EKOAPURIT\",\"url\":\"https:\\\/\\\/ekoapurit.fi\\\/\",\"logo\":{\"@type\":\"ImageObject\",\"inLanguage\":\"fi\",\"@id\":\"https:\\\/\\\/ekoapurit.fi\\\/#\\\/schema\\\/logo\\\/image\\\/\",\"url\":\"https:\\\/\\\/ekoapurit.fi\\\/wp-content\\\/uploads\\\/2026\\\/01\\\/cropped-Untitled_Artwork-scaled-1.png\",\"contentUrl\":\"https:\\\/\\\/ekoapurit.fi\\\/wp-content\\\/uploads\\\/2026\\\/01\\\/cropped-Untitled_Artwork-scaled-1.png\",\"width\":1926,\"height\":1731,\"caption\":\"EKOAPURIT\"},\"image\":{\"@id\":\"https:\\\/\\\/ekoapurit.fi\\\/#\\\/schema\\\/logo\\\/image\\\/\"}}]}<\/script>\n<!-- \/ Yoast SEO plugin. -->","yoast_head_json":{"title":"ETUSIVU - EKOAPURIT","robots":{"index":"index","follow":"follow","max-snippet":"max-snippet:-1","max-image-preview":"max-image-preview:large","max-video-preview":"max-video-preview:-1"},"canonical":"https:\/\/ekoapurit.fi\/","og_locale":"fi_FI","og_type":"article","og_title":"ETUSIVU - EKOAPURIT","og_description":"OPI ILMASTONMUUTOKSESTA JA YMM\u00c4RR\u00c4 YMP\u00c4RIST\u00d6TUNTEITA Joskus voi tuntua silt\u00e4, ett\u00e4 maapallon kokoiset huolet painavat mielt\u00e4. T\u00e4ll\u00f6in tarvitaan ripaus mielikuvitusta, tietoa, [&hellip;]","og_url":"https:\/\/ekoapurit.fi\/","og_site_name":"EKOAPURIT","article_modified_time":"2026-01-14T12:26:27+00:00","og_image":[{"width":1928,"height":2560,"url":"https:\/\/ekoapurit.fi\/wp-content\/uploads\/2026\/01\/Sivu-3-Tittelisivu-scaled.png","type":"image\/png"}],"twitter_card":"summary_large_image","twitter_misc":{"Arvioitu lukuaika":"3 minuuttia"},"schema":{"@context":"https:\/\/schema.org","@graph":[{"@type":"WebPage","@id":"https:\/\/ekoapurit.fi\/","url":"https:\/\/ekoapurit.fi\/","name":"ETUSIVU - EKOAPURIT","isPartOf":{"@id":"https:\/\/ekoapurit.fi\/#website"},"primaryImageOfPage":{"@id":"https:\/\/ekoapurit.fi\/#primaryimage"},"image":{"@id":"https:\/\/ekoapurit.fi\/#primaryimage"},"thumbnailUrl":"https:\/\/ekoapurit.fi\/wp-content\/uploads\/2026\/01\/Sivu-3-Tittelisivu-771x1024.png","datePublished":"2026-01-13T12:30:56+00:00","dateModified":"2026-01-14T12:26:27+00:00","breadcrumb":{"@id":"https:\/\/ekoapurit.fi\/#breadcrumb"},"inLanguage":"fi","potentialAction":[{"@type":"ReadAction","target":["https:\/\/ekoapurit.fi\/"]}]},{"@type":"ImageObject","inLanguage":"fi","@id":"https:\/\/ekoapurit.fi\/#primaryimage","url":"https:\/\/ekoapurit.fi\/wp-content\/uploads\/2026\/01\/Sivu-3-Tittelisivu-scaled.png","contentUrl":"https:\/\/ekoapurit.fi\/wp-content\/uploads\/2026\/01\/Sivu-3-Tittelisivu-scaled.png","width":1928,"height":2560},{"@type":"BreadcrumbList","@id":"https:\/\/ekoapurit.fi\/#breadcrumb","itemListElement":[{"@type":"ListItem","position":1,"name":"Etusivu","item":"https:\/\/ekoapurit.fi\/"},{"@type":"ListItem","position":2,"name":"ETUSIVU"}]},{"@type":"WebSite","@id":"https:\/\/ekoapurit.fi\/#website","url":"https:\/\/ekoapurit.fi\/","name":"EKOAPURIT","description":"","publisher":{"@id":"https:\/\/ekoapurit.fi\/#organization"},"potentialAction":[{"@type":"SearchAction","target":{"@type":"EntryPoint","urlTemplate":"https:\/\/ekoapurit.fi\/?s={search_term_string}"},"query-input":{"@type":"PropertyValueSpecification","valueRequired":true,"valueName":"search_term_string"}}],"inLanguage":"fi"},{"@type":"Organization","@id":"https:\/\/ekoapurit.fi\/#organization","name":"EKOAPURIT","url":"https:\/\/ekoapurit.fi\/","logo":{"@type":"ImageObject","inLanguage":"fi","@id":"https:\/\/ekoapurit.fi\/#\/schema\/logo\/image\/","url":"https:\/\/ekoapurit.fi\/wp-content\/uploads\/2026\/01\/cropped-Untitled_Artwork-scaled-1.png","contentUrl":"https:\/\/ekoapurit.fi\/wp-content\/uploads\/2026\/01\/cropped-Untitled_Artwork-scaled-1.png","width":1926,"height":1731,"caption":"EKOAPURIT"},"image":{"@id":"https:\/\/ekoapurit.fi\/#\/schema\/logo\/image\/"}}]}},"_links":{"self":[{"href":"https:\/\/ekoapurit.fi\/index.php?rest_route=\/wp\/v2\/pages\/8","targetHints":{"allow":["GET"]}}],"collection":[{"href":"https:\/\/ekoapurit.fi\/index.php?rest_route=\/wp\/v2\/pages"}],"about":[{"href":"https:\/\/ekoapurit.fi\/index.php?rest_route=\/wp\/v2\/types\/page"}],"author":[{"embeddable":true,"href":"https:\/\/ekoapurit.fi\/index.php?rest_route=\/wp\/v2\/users\/1"}],"replies":[{"embeddable":true,"href":"https:\/\/ekoapurit.fi\/index.php?rest_route=%2Fwp%2Fv2%2Fcomments&post=8"}],"version-history":[{"count":7,"href":"https:\/\/ekoapurit.fi\/index.php?rest_route=\/wp\/v2\/pages\/8\/revisions"}],"predecessor-version":[{"id":60,"href":"https:\/\/ekoapurit.fi\/index.php?rest_route=\/wp\/v2\/pages\/8\/revisions\/60"}],"wp:attachment":[{"href":"https:\/\/ekoapurit.fi\/index.php?rest_route=%2Fwp%2Fv2%2Fmedia&parent=8"}],"curies":[{"name":"wp","href":"https:\/\/api.w.org\/{rel}","templated":true}]}}